{"id":4254,"date":"2024-09-28T11:14:19","date_gmt":"2024-09-28T11:14:19","guid":{"rendered":"https:\/\/allotrope.eu\/impressum\/"},"modified":"2024-09-28T11:38:34","modified_gmt":"2024-09-28T11:38:34","slug":"impressum","status":"publish","type":"page","link":"https:\/\/allotrope.eu\/de\/impressum\/","title":{"rendered":"Impressum"},"content":{"rendered":"\t\t<div data-elementor-type=\"wp-page\" data-elementor-id=\"4254\" class=\"elementor elementor-4254 elementor-4229\" data-elementor-post-type=\"page\">\n\t\t\t\t<div class=\"elementor-element elementor-element-ea65668 e-flex e-con-boxed e-con e-parent\" data-id=\"ea65668\" data-element_type=\"container\" data-settings=\"{&quot;background_background&quot;:&quot;classic&quot;,&quot;ekit_has_onepagescroll_dot&quot;:&quot;yes&quot;}\">\n\t\t\t\t\t<div class=\"e-con-inner\">\n\t\t\t\t<div class=\"elementor-element elementor-element-4e8aa24 elementor-widget elementor-widget-heading\" data-id=\"4e8aa24\" data-element_type=\"widget\" data-settings=\"{&quot;ekit_we_effect_on&quot;:&quot;none&quot;}\" data-widget_type=\"heading.default\">\n\t\t\t\t<div class=\"elementor-widget-container\">\n\t\t\t<h1 class=\"elementor-heading-title elementor-size-default\">Allotrope GmbH Impressum<\/h1>\t\t<\/div>\n\t\t\t\t<\/div>\n\t\t\t\t\t<\/div>\n\t\t\t\t<\/div>\n\t\t<div class=\"elementor-element elementor-element-0cb8fd1 e-flex e-con-boxed e-con e-parent\" data-id=\"0cb8fd1\" data-element_type=\"container\" data-settings=\"{&quot;ekit_has_onepagescroll_dot&quot;:&quot;yes&quot;}\">\n\t\t\t\t\t<div class=\"e-con-inner\">\n\t\t\t\t<div class=\"elementor-element elementor-element-26a63f5 elementor-widget elementor-widget-text-editor\" data-id=\"26a63f5\" data-element_type=\"widget\" data-settings=\"{&quot;ekit_we_effect_on&quot;:&quot;none&quot;}\" data-widget_type=\"text-editor.default\">\n\t\t\t\t<div class=\"elementor-widget-container\">\n\t\t\t\t\t\t\t<p><strong>Rechtliche Hinweise (Impressum) Allotrope GmbH<\/strong><\/p>\n<p>Angaben gem\u00e4\u00df \u00a7 5 TMG<br \/><strong>Olaf van der Linden<\/strong><br \/>Handwerkerstrasse 1a, 46499 Hamminkeln, Germany<br \/>Vertreten durch:<br \/>Olaf van der Linden<br \/>Kontakt Telefon: +49 152 06 10 25 94<br \/>Email: <a rel=\"noopener\"><span \n                data-original-string=\"Aj82HvCh8k+SRTusbSXgbz3k4WInfEAtJgF4xW9awms=\"\n                class=\"apbct-email-encoder\"\n                title=\"Dieser Kontakt wurde von Anti-Spam by CleanTalk verschl\u00fcsselt. Klicken Sie hier, um ihn zu entschl\u00fcsseln. Um die Entschl\u00fcsselung abzuschlie\u00dfen, stellen Sie sicher, dass JavaScript in Ihrem Browser aktiviert ist.\">\n        <span class=\"apbct-ee-blur-group\">\n            <span class=\"apbct-ee-blur_email-text\">co*****@al*******.de<\/span>\n            <span class=\"apbct-ee-static-blur\">\n                <span class=\"apbct-ee-blur apbct-ee-blur_rectangle-init\"><\/span>\n                <span class=\"apbct-ee-blur apbct-ee-blur_rectangle-soft\"><\/span>\n                <span class=\"apbct-ee-blur apbct-ee-blur_rectangle-hard\"><\/span>\n            <\/span>\n            <span class=\"apbct-ee-animate-blur\">\n                <span class=\"apbct-ee-blur apbct-ee-blur_rectangle-init apbct-ee-blur_animate-init\"><\/span>\n                <span class=\"apbct-ee-blur apbct-ee-blur_rectangle-soft apbct-ee-blur_animate-soft \"><\/span>\n                <span class=\"apbct-ee-blur apbct-ee-blur_rectangle-hard apbct-ee-blur_animate-hard\"><\/span>\n            <\/span>\n        <\/span>\n<\/span><\/a><br \/>Wirtschafts &#8211; ID: Amtsgericht Duisburg HRB 34595<br \/>Ust-IdNr.: DE316018195<\/p>\n<p><strong>Disclaimer<\/strong><\/p>\n<p><strong>Haftungsausschluss:<\/strong><br \/>Die Inhalte unserer Seiten wurden mit gr\u00f6\u00dfter Sorgfalt erstellt. F\u00fcr die Richtigkeit, Vollst\u00e4ndigkeit und Aktualit\u00e4t der Inhalte k\u00f6nnen wir jedoch keine Gew\u00e4hr \u00fcbernehmen. Als Diensteanbieter sind wir gem\u00e4\u00df \u00a7 7 Abs.1 TMG f\u00fcr eigene Inhalte auf diesen Seiten nach den allgemeinen Gesetzen verantwortlich. Nach \u00a7\u00a7 8 bis 10 TMG sind wir als Diensteanbieter jedoch nicht verpflichtet, \u00fcbermittelte oder gespeicherte fremde Informationen zu \u00fcberwachen oder nach Umst\u00e4nden zu forschen, die auf eine rechtswidrige T\u00e4tigkeit hinweisen. Verpflichtungen zur Entfernung oder Sperrung der Nutzung von Informationen nach den allgemeinen Gesetzen bleiben hiervon unber\u00fchrt. Eine diesbez\u00fcgliche Haftung ist jedoch erst ab dem Zeitpunkt der Kenntnis einer konkreten Rechtsverletzung m\u00f6glich. Bei Bekanntwerden von entsprechenden Rechtsverletzungen werden wir diese Inhalte umgehend entfernen.      <\/p>\n<p><strong>Haftung f\u00fcr Links<\/strong><br \/>Unser Angebot enth\u00e4lt Links zu externen Webseiten Dritter, auf deren Inhalte wir keinen Einfluss haben. Deshalb k\u00f6nnen wir f\u00fcr diese fremden Inhalte auch keine Gew\u00e4hr \u00fcbernehmen. F\u00fcr die Inhalte der verlinkten Seiten ist stets der jeweilige Anbieter oder Betreiber der Seiten verantwortlich. Die verlinkten Seiten wurden zum Zeitpunkt der Verlinkung auf m\u00f6gliche Rechtsverst\u00f6\u00dfe \u00fcberpr\u00fcft. Rechtswidrige Inhalte waren zum Zeitpunkt der Verlinkung nicht erkennbar. Eine permanente inhaltliche Kontrolle der verlinkten Seiten ist jedoch ohne konkrete Anhaltspunkte einer Rechtsverletzung nicht zumutbar. Bei Bekanntwerden von Rechtsverletzungen werden wir derartige Links umgehend entfernen.     <\/p>\n<p><strong>Urheberrecht<\/strong><br \/>Die durch den Seitenbetreiber erstellten Inhalte und Werke auf diesen Seiten unterliegen dem deutschen Urheberrecht. Die Vervielf\u00e4ltigung, Bearbeitung, Verbreitung und jede Art der Verwertung au\u00dferhalb der Grenzen des Urheberrechtes bed\u00fcrfen der schriftlichen Zustimmung des jeweiligen Autors bzw. Ersteller. Downloads und Kopien dieser Seite sind nur f\u00fcr den privaten, nicht kommerziellen Gebrauch gestattet. Soweit die Inhalte auf dieser Seite nicht vom Betreiber erstellt wurden, werden die Urheberrechte Dritter beachtet. Insbesondere werden Inhalte Dritter als solche gekennzeichnet. Sollten Sie trotzdem auf eine Urheberrechtsverletzung aufmerksam werden, bitten wir Sie um einen entsprechenden Hinweis. Bei Bekanntwerden von Rechtsverletzungen werden wir derartige Inhalte umgehend entfernen.      <\/p>\n<p><strong>Datenschutz:<\/strong><br \/>Die Nutzung unserer Webseite ist in der Regel ohne Angabe personenbezogener Daten m\u00f6glich. Soweit auf unseren Seiten personenbezogene Daten (beispielsweise Name, Anschrift oder E-Mail-Adressen) erhoben werden, erfolgt dies, soweit m\u00f6glich, stets auf freiwilliger Basis. Diese Daten werden ohne Ihre ausdr\u00fcckliche Zustimmung nicht an Dritte weitergegeben. Wir weisen darauf hin, dass die Daten\u00fcbertragung im Internet (z.B. bei der Kommunikation per E-Mail) Sicherheitsl\u00fccken aufweisen kann. Ein l\u00fcckenloser Schutz der Daten vor dem Zugriff durch Dritte ist nicht m\u00f6glich. Der Nutzung von im Rahmen der Impressumspflicht ver\u00f6ffentlichten Kontaktdaten durch Dritte zur \u00dcbersendung von nicht ausdr\u00fccklich angeforderter Werbung und Informationsmaterialien wird hiermit ausdr\u00fccklich widersprochen. Die Betreiber der Seiten behalten sich ausdr\u00fccklich rechtliche Schritte im Falle der unverlangten Zusendung von Werbeinformationen, etwa durch Spam-Mails, vor.      <\/p>\n<p><strong>Google Analytics<\/strong><br \/>Diese Website benutzt Google Analytics, einen Webanalysedienst der Google Inc. (\u201eGoogle\u201c). Google Analytics verwendet sog. \u201eCookies\u201c, Textdateien, die auf Ihrem Computer gespeichert werden und die eine Analyse der Benutzung der Website durch Sie erm\u00f6glichen. Die durch den Cookie erzeugten Informationen \u00fcber Ihre Benutzung dieser Website (einschlie\u00dflich Ihrer IP-Adresse) wird an einen Server von Google in den USA \u00fcbertragen und dort gespeichert. Google wird diese Informationen benutzen, um Ihre Nutzung der Website auszuwerten, um Reports \u00fcber die Websiteaktivit\u00e4ten f\u00fcr die Websitebetreiber zusammenzustellen und um weitere mit der Websitenutzung und der Internetnutzung verbundene Dienstleistungen zu erbringen. Auch wird Google diese Informationen gegebenenfalls an Dritte \u00fcbertragen, sofern dies gesetzlich vorgeschrieben oder soweit Dritte diese Daten im Auftrag von Google verarbeiten. Google wird in keinem Fall Ihre IP-Adresse mit anderen Daten von Google in Verbindung bringen. Sie k\u00f6nnen die Installation der Cookies durch eine entsprechende Einstellung Ihrer Browser Software verhindern; wir weisen Sie jedoch darauf hin, dass Sie in diesem Fall gegebenenfalls nicht s\u00e4mtliche Funktionen dieser Website voll umf\u00e4nglich nutzen k\u00f6nnen. Durch die Nutzung dieser Website erkl\u00e4ren Sie sich mit der Bearbeitung der \u00fcber Sie erhobenen Daten durch Google in der zuvor beschriebenen Art und Weise und zu dem zuvor benannten Zweck einverstanden.       <\/p>\n\t\t\t\t\t\t<\/div>\n\t\t\t\t<\/div>\n\t\t\t\t\t<\/div>\n\t\t\t\t<\/div>\n\t\t\t\t<\/div>\n\t\t","protected":false},"excerpt":{"rendered":"<p>Allotrope GmbH Impressum Rechtliche Hinweise (Impressum) Allotrope GmbH Angaben gem\u00e4\u00df \u00a7 5 TMGOlaf van der LindenHandwerkerstrasse 1a, 46499 Hamminkeln, GermanyVertreten durch:Olaf van der LindenKontakt Telefon: +49 152 06 10 25 94Email: co*****@al*******.de Wirtschafts &#8211; ID: Amtsgericht Duisburg HRB 34595Ust-IdNr.: DE316018195 Disclaimer Haftungsausschluss:Die Inhalte unserer Seiten wurden mit gr\u00f6\u00dfter Sorgfalt erstellt. F\u00fcr die Richtigkeit, Vollst\u00e4ndigkeit und [&hellip;]<\/p>\n","protected":false},"author":1,"featured_media":0,"parent":0,"menu_order":0,"comment_status":"closed","ping_status":"closed","template":"","meta":{"footnotes":""},"class_list":["post-4254","page","type-page","status-publish","hentry"],"yoast_head":"<!-- This site is optimized with the Yoast SEO Premium plugin v23.1 (Yoast SEO v23.1) - https:\/\/yoast.com\/wordpress\/plugins\/seo\/ -->\n<title>Impressum - Allotrope GmbH: Expert Solutions in Procurement, Supply Chain, HR Staffing, and Project Management<\/title>\n<meta name=\"robots\" content=\"index, follow, max-snippet:-1, max-image-preview:large, max-video-preview:-1\" \/>\n<link rel=\"canonical\" href=\"https:\/\/allotrope.eu\/de\/impressum\/\" \/>\n<meta property=\"og:locale\" content=\"de_DE\" \/>\n<meta property=\"og:type\" content=\"article\" \/>\n<meta property=\"og:title\" content=\"Impressum\" \/>\n<meta property=\"og:description\" content=\"Allotrope GmbH Impressum Rechtliche Hinweise (Impressum) Allotrope GmbH Angaben gem\u00e4\u00df \u00a7 5 TMGOlaf van der LindenHandwerkerstrasse 1a, 46499 Hamminkeln, GermanyVertreten durch:Olaf van der LindenKontakt Telefon: +49 152 06 10 25 94Email: co*****@al*******.de Wirtschafts &#8211; ID: Amtsgericht Duisburg HRB 34595Ust-IdNr.: DE316018195 Disclaimer Haftungsausschluss:Die Inhalte unserer Seiten wurden mit gr\u00f6\u00dfter Sorgfalt erstellt. F\u00fcr die Richtigkeit, Vollst\u00e4ndigkeit und [&hellip;]\" \/>\n<meta property=\"og:url\" content=\"https:\/\/allotrope.eu\/de\/impressum\/\" \/>\n<meta property=\"og:site_name\" content=\"Allotrope GmbH: Expert Solutions in Procurement, Supply Chain, HR Staffing, and Project Management\" \/>\n<meta property=\"article:modified_time\" content=\"2024-09-28T11:38:34+00:00\" \/>\n<meta name=\"twitter:card\" content=\"summary_large_image\" \/>\n<meta name=\"twitter:label1\" content=\"Gesch\u00e4tzte Lesezeit\" \/>\n\t<meta name=\"twitter:data1\" content=\"4\u00a0Minuten\" \/>\n<script type=\"application\/ld+json\" class=\"yoast-schema-graph\">{\"@context\":\"https:\/\/schema.org\",\"@graph\":[{\"@type\":\"WebPage\",\"@id\":\"https:\/\/allotrope.eu\/de\/impressum\/\",\"url\":\"https:\/\/allotrope.eu\/de\/impressum\/\",\"name\":\"Impressum - Allotrope GmbH: Expert Solutions in Procurement, Supply Chain, HR Staffing, and Project Management\",\"isPartOf\":{\"@id\":\"https:\/\/allotrope.eu\/de\/#website\"},\"datePublished\":\"2024-09-28T11:14:19+00:00\",\"dateModified\":\"2024-09-28T11:38:34+00:00\",\"breadcrumb\":{\"@id\":\"https:\/\/allotrope.eu\/de\/impressum\/#breadcrumb\"},\"inLanguage\":\"de\",\"potentialAction\":[{\"@type\":\"ReadAction\",\"target\":[\"https:\/\/allotrope.eu\/de\/impressum\/\"]}]},{\"@type\":\"BreadcrumbList\",\"@id\":\"https:\/\/allotrope.eu\/de\/impressum\/#breadcrumb\",\"itemListElement\":[{\"@type\":\"ListItem\",\"position\":1,\"name\":\"Home\",\"item\":\"https:\/\/allotrope.eu\/de\/\"},{\"@type\":\"ListItem\",\"position\":2,\"name\":\"Impressum\"}]},{\"@type\":\"WebSite\",\"@id\":\"https:\/\/allotrope.eu\/de\/#website\",\"url\":\"https:\/\/allotrope.eu\/de\/\",\"name\":\"Allotrope GmbH: Leading Procurement, Supply Chain, HR, and Project Management Services\",\"description\":\"Empowering Business Transformation through Expert Procurement, Supply Chain, HR Staffing, and Project Management Solutions.&quot;\",\"publisher\":{\"@id\":\"https:\/\/allotrope.eu\/de\/#organization\"},\"alternateName\":\"Allotrope GmbH\",\"potentialAction\":[{\"@type\":\"SearchAction\",\"target\":{\"@type\":\"EntryPoint\",\"urlTemplate\":\"https:\/\/allotrope.eu\/de\/?s={search_term_string}\"},\"query-input\":\"required name=search_term_string\"}],\"inLanguage\":\"de\"},{\"@type\":\"Organization\",\"@id\":\"https:\/\/allotrope.eu\/de\/#organization\",\"name\":\"Allotrope GmbH: Leading Procurement, Supply Chain, HR, and Project Management Services\",\"url\":\"https:\/\/allotrope.eu\/de\/\",\"logo\":{\"@type\":\"ImageObject\",\"inLanguage\":\"de\",\"@id\":\"https:\/\/allotrope.eu\/de\/#\/schema\/logo\/image\/\",\"url\":\"https:\/\/allotrope.eu\/wp-content\/uploads\/2024\/02\/Logo-Allotrope-Nieuw.png\",\"contentUrl\":\"https:\/\/allotrope.eu\/wp-content\/uploads\/2024\/02\/Logo-Allotrope-Nieuw.png\",\"width\":500,\"height\":500,\"caption\":\"Allotrope GmbH: Leading Procurement, Supply Chain, HR, and Project Management Services\"},\"image\":{\"@id\":\"https:\/\/allotrope.eu\/de\/#\/schema\/logo\/image\/\"},\"sameAs\":[\"https:\/\/www.youtube.com\/@Allotrope_GmbH\",\"https:\/\/www.linkedin.com\/company\/allotrope-nd\"]}]}<\/script>\n<!-- \/ Yoast SEO Premium plugin. -->","yoast_head_json":{"title":"Impressum - Allotrope GmbH: Expert Solutions in Procurement, Supply Chain, HR Staffing, and Project Management","robots":{"index":"index","follow":"follow","max-snippet":"max-snippet:-1","max-image-preview":"max-image-preview:large","max-video-preview":"max-video-preview:-1"},"canonical":"https:\/\/allotrope.eu\/de\/impressum\/","og_locale":"de_DE","og_type":"article","og_title":"Impressum","og_description":"Allotrope GmbH Impressum Rechtliche Hinweise (Impressum) Allotrope GmbH Angaben gem\u00e4\u00df \u00a7 5 TMGOlaf van der LindenHandwerkerstrasse 1a, 46499 Hamminkeln, GermanyVertreten durch:Olaf van der LindenKontakt Telefon: +49 152 06 10 25 94Email: co*****@al*******.de Wirtschafts &#8211; ID: Amtsgericht Duisburg HRB 34595Ust-IdNr.: DE316018195 Disclaimer Haftungsausschluss:Die Inhalte unserer Seiten wurden mit gr\u00f6\u00dfter Sorgfalt erstellt. F\u00fcr die Richtigkeit, Vollst\u00e4ndigkeit und [&hellip;]","og_url":"https:\/\/allotrope.eu\/de\/impressum\/","og_site_name":"Allotrope GmbH: Expert Solutions in Procurement, Supply Chain, HR Staffing, and Project Management","article_modified_time":"2024-09-28T11:38:34+00:00","twitter_card":"summary_large_image","twitter_misc":{"Gesch\u00e4tzte Lesezeit":"4\u00a0Minuten"},"schema":{"@context":"https:\/\/schema.org","@graph":[{"@type":"WebPage","@id":"https:\/\/allotrope.eu\/de\/impressum\/","url":"https:\/\/allotrope.eu\/de\/impressum\/","name":"Impressum - Allotrope GmbH: Expert Solutions in Procurement, Supply Chain, HR Staffing, and Project Management","isPartOf":{"@id":"https:\/\/allotrope.eu\/de\/#website"},"datePublished":"2024-09-28T11:14:19+00:00","dateModified":"2024-09-28T11:38:34+00:00","breadcrumb":{"@id":"https:\/\/allotrope.eu\/de\/impressum\/#breadcrumb"},"inLanguage":"de","potentialAction":[{"@type":"ReadAction","target":["https:\/\/allotrope.eu\/de\/impressum\/"]}]},{"@type":"BreadcrumbList","@id":"https:\/\/allotrope.eu\/de\/impressum\/#breadcrumb","itemListElement":[{"@type":"ListItem","position":1,"name":"Home","item":"https:\/\/allotrope.eu\/de\/"},{"@type":"ListItem","position":2,"name":"Impressum"}]},{"@type":"WebSite","@id":"https:\/\/allotrope.eu\/de\/#website","url":"https:\/\/allotrope.eu\/de\/","name":"Allotrope GmbH: Leading Procurement, Supply Chain, HR, and Project Management Services","description":"Empowering Business Transformation through Expert Procurement, Supply Chain, HR Staffing, and Project Management Solutions.&quot;","publisher":{"@id":"https:\/\/allotrope.eu\/de\/#organization"},"alternateName":"Allotrope GmbH","potentialAction":[{"@type":"SearchAction","target":{"@type":"EntryPoint","urlTemplate":"https:\/\/allotrope.eu\/de\/?s={search_term_string}"},"query-input":"required name=search_term_string"}],"inLanguage":"de"},{"@type":"Organization","@id":"https:\/\/allotrope.eu\/de\/#organization","name":"Allotrope GmbH: Leading Procurement, Supply Chain, HR, and Project Management Services","url":"https:\/\/allotrope.eu\/de\/","logo":{"@type":"ImageObject","inLanguage":"de","@id":"https:\/\/allotrope.eu\/de\/#\/schema\/logo\/image\/","url":"https:\/\/allotrope.eu\/wp-content\/uploads\/2024\/02\/Logo-Allotrope-Nieuw.png","contentUrl":"https:\/\/allotrope.eu\/wp-content\/uploads\/2024\/02\/Logo-Allotrope-Nieuw.png","width":500,"height":500,"caption":"Allotrope GmbH: Leading Procurement, Supply Chain, HR, and Project Management Services"},"image":{"@id":"https:\/\/allotrope.eu\/de\/#\/schema\/logo\/image\/"},"sameAs":["https:\/\/www.youtube.com\/@Allotrope_GmbH","https:\/\/www.linkedin.com\/company\/allotrope-nd"]}]}},"_links":{"self":[{"href":"https:\/\/allotrope.eu\/de\/wp-json\/wp\/v2\/pages\/4254","targetHints":{"allow":["GET"]}}],"collection":[{"href":"https:\/\/allotrope.eu\/de\/wp-json\/wp\/v2\/pages"}],"about":[{"href":"https:\/\/allotrope.eu\/de\/wp-json\/wp\/v2\/types\/page"}],"author":[{"embeddable":true,"href":"https:\/\/allotrope.eu\/de\/wp-json\/wp\/v2\/users\/1"}],"replies":[{"embeddable":true,"href":"https:\/\/allotrope.eu\/de\/wp-json\/wp\/v2\/comments?post=4254"}],"version-history":[{"count":1,"href":"https:\/\/allotrope.eu\/de\/wp-json\/wp\/v2\/pages\/4254\/revisions"}],"predecessor-version":[{"id":4255,"href":"https:\/\/allotrope.eu\/de\/wp-json\/wp\/v2\/pages\/4254\/revisions\/4255"}],"wp:attachment":[{"href":"https:\/\/allotrope.eu\/de\/wp-json\/wp\/v2\/media?parent=4254"}],"curies":[{"name":"wp","href":"https:\/\/api.w.org\/{rel}","templated":true}]}}