{"id":3682,"date":"2024-04-07T13:42:45","date_gmt":"2024-04-07T13:42:45","guid":{"rendered":"https:\/\/allotrope.eu\/datenschutzrichtlinie\/"},"modified":"2024-09-24T19:10:26","modified_gmt":"2024-09-24T19:10:26","slug":"datenschutzrichtlinie","status":"publish","type":"page","link":"https:\/\/allotrope.eu\/de\/datenschutzrichtlinie\/","title":{"rendered":"Datenschutzrichtlinie"},"content":{"rendered":"\t\t<div data-elementor-type=\"wp-page\" data-elementor-id=\"3682\" class=\"elementor elementor-3682 elementor-1570\" data-elementor-post-type=\"page\">\n\t\t\t\t<div class=\"elementor-element elementor-element-6c450af1 e-flex e-con-boxed e-con e-parent\" data-id=\"6c450af1\" data-element_type=\"container\" data-settings=\"{&quot;background_background&quot;:&quot;classic&quot;,&quot;ekit_has_onepagescroll_dot&quot;:&quot;yes&quot;}\">\n\t\t\t\t\t<div class=\"e-con-inner\">\n\t\t\t\t<div class=\"elementor-element elementor-element-4ae4362b elementor-widget elementor-widget-heading\" data-id=\"4ae4362b\" data-element_type=\"widget\" data-settings=\"{&quot;ekit_we_effect_on&quot;:&quot;none&quot;}\" data-widget_type=\"heading.default\">\n\t\t\t\t<div class=\"elementor-widget-container\">\n\t\t\t<h1 class=\"elementor-heading-title elementor-size-default\">Allotrope GmbH Datenschutzrichtlinie<\/h1>\t\t<\/div>\n\t\t\t\t<\/div>\n\t\t\t\t<div class=\"elementor-element elementor-element-53e93360 elementor-widget elementor-widget-text-editor\" data-id=\"53e93360\" data-element_type=\"widget\" data-settings=\"{&quot;ekit_we_effect_on&quot;:&quot;none&quot;}\" data-widget_type=\"text-editor.default\">\n\t\t\t\t<div class=\"elementor-widget-container\">\n\t\t\t\t\t\t\t<p>Schutz Ihrer Privatsph\u00e4re: Das Engagement der Allotrope GmbH zum Schutz Ihrer pers\u00f6nlichen Daten<\/p>\n\t\t\t\t\t\t<\/div>\n\t\t\t\t<\/div>\n\t\t\t\t\t<\/div>\n\t\t\t\t<\/div>\n\t\t<div class=\"elementor-element elementor-element-c586a78 e-flex e-con-boxed e-con e-parent\" data-id=\"c586a78\" data-element_type=\"container\" data-settings=\"{&quot;ekit_has_onepagescroll_dot&quot;:&quot;yes&quot;}\">\n\t\t\t\t\t<div class=\"e-con-inner\">\n\t\t\t\t<div class=\"elementor-element elementor-element-f9cf61b elementor-widget elementor-widget-text-editor\" data-id=\"f9cf61b\" data-element_type=\"widget\" data-settings=\"{&quot;ekit_we_effect_on&quot;:&quot;none&quot;}\" data-widget_type=\"text-editor.default\">\n\t\t\t\t<div class=\"elementor-widget-container\">\n\t\t\t\t\t\t\t<p><strong>Datenschutzrichtlinie<\/strong><\/p>\n<p>Bei der Allotrope GmbH setzen wir uns daf\u00fcr ein, Ihre Privatsph\u00e4re zu sch\u00fctzen und die Sicherheit Ihrer pers\u00f6nlichen Daten zu gew\u00e4hrleisten. Diese Datenschutzrichtlinie erl\u00e4utert, wie wir Ihre Daten erfassen, verwenden und sch\u00fctzen, wenn Sie mit unserer Website, unseren Produkten und Dienstleistungen interagieren. <\/p>\n<p><strong>Informationen, die wir sammeln:<\/strong><\/p>\n<p>Wir k\u00f6nnen pers\u00f6nliche Informationen von Ihnen erfassen, wenn Sie sich f\u00fcr unseren Newsletter anmelden, Zugang zu unseren Ver\u00f6ffentlichungen anfordern oder in irgendeiner Weise mit unserer Website interagieren. Diese Informationen k\u00f6nnen Ihren Namen, Ihre E-Mail-Adresse, Ihren Firmennamen, Ihre Berufsbezeichnung und andere von Ihnen freiwillig bereitgestellte Angaben umfassen. <\/p>\n<p><strong>Wie wir Ihre Informationen verwenden:<\/strong><\/p>\n<p>Die von uns erfassten Informationen verwenden wir, um Ihnen die von Ihnen angeforderten Produkte, Dienstleistungen und Informationen bereitzustellen und um Ihre Erfahrung mit der Allotrope GmbH zu verbessern und anzupassen. Dies kann das Versenden von Newslettern, Aktualisierungen und Werbematerialien sowie die Analyse Ihrer Interaktionen mit unserer Website umfassen, um deren Leistung und Funktionalit\u00e4t zu optimieren. <\/p>\n<p><strong>Datensicherheit:<\/strong><\/p>\n<p>Wir nehmen die Sicherheit Ihrer pers\u00f6nlichen Informationen ernst und haben geeignete Ma\u00dfnahmen ergriffen, um diese vor unbefugtem Zugriff, Offenlegung, \u00c4nderung oder Zerst\u00f6rung zu sch\u00fctzen. Bitte beachten Sie jedoch, dass keine \u00dcbertragungsmethode \u00fcber das Internet oder elektronische Speicherung zu 100 % sicher ist und wir keine absolute Sicherheit garantieren k\u00f6nnen. <\/p>\n<p><strong>Weitergabe Ihrer Informationen:<\/strong><\/p>\n<p>Wir verkaufen, tauschen oder \u00fcbertragen Ihre pers\u00f6nlichen Informationen nicht ohne Ihre Zustimmung an Dritte, es sei denn, dies ist gesetzlich vorgeschrieben oder erforderlich, um Ihnen die angeforderten Produkte und Dienstleistungen bereitzustellen. Wir k\u00f6nnen Ihre Informationen mit vertrauensw\u00fcrdigen Drittanbietern teilen, die uns bei der Verwaltung unserer Website, der Durchf\u00fchrung unseres Gesch\u00e4fts oder der Bereitstellung von Dienstleistungen f\u00fcr Sie unterst\u00fctzen, vorausgesetzt, dass diese sich verpflichten, Ihre Informationen vertraulich zu behandeln. <\/p>\n<p><strong>Ihre Wahlm\u00f6glichkeiten:<\/strong><\/p>\n<p>Sie haben das Recht, Ihre pers\u00f6nlichen Informationen jederzeit einzusehen, zu aktualisieren oder zu l\u00f6schen. Sie k\u00f6nnen auch den Empfang von Werbemitteilungen von uns ablehnen, indem Sie den Abmeldeanweisungen in unseren E-Mails folgen. Bitte beachten Sie, dass wir Ihnen auch nach einem Opt-out weiterhin Transaktions- oder administrative Mitteilungen im Zusammenhang mit Ihrem Konto oder unseren Produkten und Dienstleistungen senden k\u00f6nnen.  <\/p>\n<p><strong>\u00c4nderungen an dieser Datenschutzrichtlinie:<\/strong><\/p>\n<p>Wir behalten uns das Recht vor, diese Datenschutzrichtlinie jederzeit ohne vorherige Ank\u00fcndigung zu aktualisieren oder zu \u00e4ndern. Alle \u00c4nderungen treten sofort nach der Ver\u00f6ffentlichung auf unserer Website in Kraft, und Ihre fortgesetzte Nutzung unserer Website nach der Ver\u00f6ffentlichung solcher \u00c4nderungen gilt als Annahme der aktualisierten Datenschutzrichtlinie. <\/p>\n<p><strong>Kontaktieren Sie uns:<\/strong><\/p>\n<p>Wenn Sie Fragen, Bedenken oder Kommentare zu dieser Datenschutzrichtlinie oder unseren Datenpraktiken haben, kontaktieren Sie uns bitte unter [email address].<\/p>\n<p>Durch die Nutzung unserer Website, Produkte und Dienstleistungen stimmen Sie den Bestimmungen dieser Datenschutzrichtlinie und der Erfassung sowie Nutzung Ihrer pers\u00f6nlichen Informationen wie hierin beschrieben zu.<\/p>\n\t\t\t\t\t\t<\/div>\n\t\t\t\t<\/div>\n\t\t\t\t\t<\/div>\n\t\t\t\t<\/div>\n\t\t<div class=\"elementor-element elementor-element-2d8c8a74 e-flex e-con-boxed e-con e-parent\" data-id=\"2d8c8a74\" data-element_type=\"container\" data-settings=\"{&quot;background_background&quot;:&quot;classic&quot;,&quot;ekit_has_onepagescroll_dot&quot;:&quot;yes&quot;}\">\n\t\t\t\t\t<div class=\"e-con-inner\">\n\t\t<div class=\"elementor-element elementor-element-6c78c67b e-con-full e-flex e-con e-child\" data-id=\"6c78c67b\" data-element_type=\"container\" data-settings=\"{&quot;ekit_has_onepagescroll_dot&quot;:&quot;yes&quot;}\">\n\t\t\t\t<div class=\"elementor-element elementor-element-4f2aa24c elementor-widget elementor-widget-text-editor\" data-id=\"4f2aa24c\" data-element_type=\"widget\" data-settings=\"{&quot;ekit_we_effect_on&quot;:&quot;none&quot;}\" data-widget_type=\"text-editor.default\">\n\t\t\t\t<div class=\"elementor-widget-container\">\n\t\t\t\t\t\t\t<h3><strong>Allotrope GmbH <\/strong><\/h3>\n<p>Handwerkerstrasse 1a<\/p>\n<p>46499 Hamminkeln <\/p>\n<p>Deutschland <\/p>\n<p><strong>+49 15206102594<\/strong><\/p>\n<p>Handelskammer Duisburg HRB 34595 | Umsatzsteuer-Identifikationsnummer: DE316018195<\/p>\n\t\t\t\t\t\t<\/div>\n\t\t\t\t<\/div>\n\t\t\t\t<\/div>\n\t\t<div class=\"elementor-element elementor-element-319941d8 e-con-full e-flex e-con e-child\" data-id=\"319941d8\" data-element_type=\"container\" data-settings=\"{&quot;ekit_has_onepagescroll_dot&quot;:&quot;yes&quot;}\">\n\t\t\t\t<\/div>\n\t\t\t\t\t<\/div>\n\t\t\t\t<\/div>\n\t\t\t\t<\/div>\n\t\t","protected":false},"excerpt":{"rendered":"<p>Allotrope GmbH Datenschutzrichtlinie Schutz Ihrer Privatsph\u00e4re: Das Engagement der Allotrope GmbH zum Schutz Ihrer pers\u00f6nlichen Daten Datenschutzrichtlinie Bei der Allotrope GmbH setzen wir uns daf\u00fcr ein, Ihre Privatsph\u00e4re zu sch\u00fctzen und die Sicherheit Ihrer pers\u00f6nlichen Daten zu gew\u00e4hrleisten. Diese Datenschutzrichtlinie erl\u00e4utert, wie wir Ihre Daten erfassen, verwenden und sch\u00fctzen, wenn Sie mit unserer Website, unseren [&hellip;]<\/p>\n","protected":false},"author":1,"featured_media":0,"parent":0,"menu_order":0,"comment_status":"closed","ping_status":"closed","template":"","meta":{"footnotes":""},"class_list":["post-3682","page","type-page","status-publish","hentry"],"yoast_head":"<!-- This site is optimized with the Yoast SEO Premium plugin v23.1 (Yoast SEO v23.1) - https:\/\/yoast.com\/wordpress\/plugins\/seo\/ -->\n<title>Datenschutzrichtlinie - Allotrope GmbH: Expert Solutions in Procurement, Supply Chain, HR Staffing, and Project Management<\/title>\n<meta name=\"robots\" content=\"index, follow, max-snippet:-1, max-image-preview:large, max-video-preview:-1\" \/>\n<link rel=\"canonical\" href=\"https:\/\/allotrope.eu\/de\/datenschutzrichtlinie\/\" \/>\n<meta property=\"og:locale\" content=\"de_DE\" \/>\n<meta property=\"og:type\" content=\"article\" \/>\n<meta property=\"og:title\" content=\"Datenschutzrichtlinie\" \/>\n<meta property=\"og:description\" content=\"Allotrope GmbH Datenschutzrichtlinie Schutz Ihrer Privatsph\u00e4re: Das Engagement der Allotrope GmbH zum Schutz Ihrer pers\u00f6nlichen Daten Datenschutzrichtlinie Bei der Allotrope GmbH setzen wir uns daf\u00fcr ein, Ihre Privatsph\u00e4re zu sch\u00fctzen und die Sicherheit Ihrer pers\u00f6nlichen Daten zu gew\u00e4hrleisten. Diese Datenschutzrichtlinie erl\u00e4utert, wie wir Ihre Daten erfassen, verwenden und sch\u00fctzen, wenn Sie mit unserer Website, unseren [&hellip;]\" \/>\n<meta property=\"og:url\" content=\"https:\/\/allotrope.eu\/de\/datenschutzrichtlinie\/\" \/>\n<meta property=\"og:site_name\" content=\"Allotrope GmbH: Expert Solutions in Procurement, Supply Chain, HR Staffing, and Project Management\" \/>\n<meta property=\"article:modified_time\" content=\"2024-09-24T19:10:26+00:00\" \/>\n<meta name=\"twitter:card\" content=\"summary_large_image\" \/>\n<meta name=\"twitter:label1\" content=\"Gesch\u00e4tzte Lesezeit\" \/>\n\t<meta name=\"twitter:data1\" content=\"2\u00a0Minuten\" \/>\n<script type=\"application\/ld+json\" class=\"yoast-schema-graph\">{\"@context\":\"https:\/\/schema.org\",\"@graph\":[{\"@type\":\"WebPage\",\"@id\":\"https:\/\/allotrope.eu\/de\/datenschutzrichtlinie\/\",\"url\":\"https:\/\/allotrope.eu\/de\/datenschutzrichtlinie\/\",\"name\":\"Datenschutzrichtlinie - Allotrope GmbH: Expert Solutions in Procurement, Supply Chain, HR Staffing, and Project Management\",\"isPartOf\":{\"@id\":\"https:\/\/allotrope.eu\/de\/#website\"},\"datePublished\":\"2024-04-07T13:42:45+00:00\",\"dateModified\":\"2024-09-24T19:10:26+00:00\",\"breadcrumb\":{\"@id\":\"https:\/\/allotrope.eu\/de\/datenschutzrichtlinie\/#breadcrumb\"},\"inLanguage\":\"de\",\"potentialAction\":[{\"@type\":\"ReadAction\",\"target\":[\"https:\/\/allotrope.eu\/de\/datenschutzrichtlinie\/\"]}]},{\"@type\":\"BreadcrumbList\",\"@id\":\"https:\/\/allotrope.eu\/de\/datenschutzrichtlinie\/#breadcrumb\",\"itemListElement\":[{\"@type\":\"ListItem\",\"position\":1,\"name\":\"Home\",\"item\":\"https:\/\/allotrope.eu\/de\/\"},{\"@type\":\"ListItem\",\"position\":2,\"name\":\"Datenschutzrichtlinie\"}]},{\"@type\":\"WebSite\",\"@id\":\"https:\/\/allotrope.eu\/de\/#website\",\"url\":\"https:\/\/allotrope.eu\/de\/\",\"name\":\"Allotrope GmbH: Leading Procurement, Supply Chain, HR, and Project Management Services\",\"description\":\"Empowering Business Transformation through Expert Procurement, Supply Chain, HR Staffing, and Project Management Solutions.&quot;\",\"publisher\":{\"@id\":\"https:\/\/allotrope.eu\/de\/#organization\"},\"alternateName\":\"Allotrope GmbH\",\"potentialAction\":[{\"@type\":\"SearchAction\",\"target\":{\"@type\":\"EntryPoint\",\"urlTemplate\":\"https:\/\/allotrope.eu\/de\/?s={search_term_string}\"},\"query-input\":\"required name=search_term_string\"}],\"inLanguage\":\"de\"},{\"@type\":\"Organization\",\"@id\":\"https:\/\/allotrope.eu\/de\/#organization\",\"name\":\"Allotrope GmbH: Leading Procurement, Supply Chain, HR, and Project Management Services\",\"url\":\"https:\/\/allotrope.eu\/de\/\",\"logo\":{\"@type\":\"ImageObject\",\"inLanguage\":\"de\",\"@id\":\"https:\/\/allotrope.eu\/de\/#\/schema\/logo\/image\/\",\"url\":\"https:\/\/allotrope.eu\/wp-content\/uploads\/2024\/02\/Logo-Allotrope-Nieuw.png\",\"contentUrl\":\"https:\/\/allotrope.eu\/wp-content\/uploads\/2024\/02\/Logo-Allotrope-Nieuw.png\",\"width\":500,\"height\":500,\"caption\":\"Allotrope GmbH: Leading Procurement, Supply Chain, HR, and Project Management Services\"},\"image\":{\"@id\":\"https:\/\/allotrope.eu\/de\/#\/schema\/logo\/image\/\"},\"sameAs\":[\"https:\/\/www.youtube.com\/@Allotrope_GmbH\",\"https:\/\/www.linkedin.com\/company\/allotrope-nd\"]}]}<\/script>\n<!-- \/ Yoast SEO Premium plugin. -->","yoast_head_json":{"title":"Datenschutzrichtlinie - Allotrope GmbH: Expert Solutions in Procurement, Supply Chain, HR Staffing, and Project Management","robots":{"index":"index","follow":"follow","max-snippet":"max-snippet:-1","max-image-preview":"max-image-preview:large","max-video-preview":"max-video-preview:-1"},"canonical":"https:\/\/allotrope.eu\/de\/datenschutzrichtlinie\/","og_locale":"de_DE","og_type":"article","og_title":"Datenschutzrichtlinie","og_description":"Allotrope GmbH Datenschutzrichtlinie Schutz Ihrer Privatsph\u00e4re: Das Engagement der Allotrope GmbH zum Schutz Ihrer pers\u00f6nlichen Daten Datenschutzrichtlinie Bei der Allotrope GmbH setzen wir uns daf\u00fcr ein, Ihre Privatsph\u00e4re zu sch\u00fctzen und die Sicherheit Ihrer pers\u00f6nlichen Daten zu gew\u00e4hrleisten. Diese Datenschutzrichtlinie erl\u00e4utert, wie wir Ihre Daten erfassen, verwenden und sch\u00fctzen, wenn Sie mit unserer Website, unseren [&hellip;]","og_url":"https:\/\/allotrope.eu\/de\/datenschutzrichtlinie\/","og_site_name":"Allotrope GmbH: Expert Solutions in Procurement, Supply Chain, HR Staffing, and Project Management","article_modified_time":"2024-09-24T19:10:26+00:00","twitter_card":"summary_large_image","twitter_misc":{"Gesch\u00e4tzte Lesezeit":"2\u00a0Minuten"},"schema":{"@context":"https:\/\/schema.org","@graph":[{"@type":"WebPage","@id":"https:\/\/allotrope.eu\/de\/datenschutzrichtlinie\/","url":"https:\/\/allotrope.eu\/de\/datenschutzrichtlinie\/","name":"Datenschutzrichtlinie - Allotrope GmbH: Expert Solutions in Procurement, Supply Chain, HR Staffing, and Project Management","isPartOf":{"@id":"https:\/\/allotrope.eu\/de\/#website"},"datePublished":"2024-04-07T13:42:45+00:00","dateModified":"2024-09-24T19:10:26+00:00","breadcrumb":{"@id":"https:\/\/allotrope.eu\/de\/datenschutzrichtlinie\/#breadcrumb"},"inLanguage":"de","potentialAction":[{"@type":"ReadAction","target":["https:\/\/allotrope.eu\/de\/datenschutzrichtlinie\/"]}]},{"@type":"BreadcrumbList","@id":"https:\/\/allotrope.eu\/de\/datenschutzrichtlinie\/#breadcrumb","itemListElement":[{"@type":"ListItem","position":1,"name":"Home","item":"https:\/\/allotrope.eu\/de\/"},{"@type":"ListItem","position":2,"name":"Datenschutzrichtlinie"}]},{"@type":"WebSite","@id":"https:\/\/allotrope.eu\/de\/#website","url":"https:\/\/allotrope.eu\/de\/","name":"Allotrope GmbH: Leading Procurement, Supply Chain, HR, and Project Management Services","description":"Empowering Business Transformation through Expert Procurement, Supply Chain, HR Staffing, and Project Management Solutions.&quot;","publisher":{"@id":"https:\/\/allotrope.eu\/de\/#organization"},"alternateName":"Allotrope GmbH","potentialAction":[{"@type":"SearchAction","target":{"@type":"EntryPoint","urlTemplate":"https:\/\/allotrope.eu\/de\/?s={search_term_string}"},"query-input":"required name=search_term_string"}],"inLanguage":"de"},{"@type":"Organization","@id":"https:\/\/allotrope.eu\/de\/#organization","name":"Allotrope GmbH: Leading Procurement, Supply Chain, HR, and Project Management Services","url":"https:\/\/allotrope.eu\/de\/","logo":{"@type":"ImageObject","inLanguage":"de","@id":"https:\/\/allotrope.eu\/de\/#\/schema\/logo\/image\/","url":"https:\/\/allotrope.eu\/wp-content\/uploads\/2024\/02\/Logo-Allotrope-Nieuw.png","contentUrl":"https:\/\/allotrope.eu\/wp-content\/uploads\/2024\/02\/Logo-Allotrope-Nieuw.png","width":500,"height":500,"caption":"Allotrope GmbH: Leading Procurement, Supply Chain, HR, and Project Management Services"},"image":{"@id":"https:\/\/allotrope.eu\/de\/#\/schema\/logo\/image\/"},"sameAs":["https:\/\/www.youtube.com\/@Allotrope_GmbH","https:\/\/www.linkedin.com\/company\/allotrope-nd"]}]}},"_links":{"self":[{"href":"https:\/\/allotrope.eu\/de\/wp-json\/wp\/v2\/pages\/3682","targetHints":{"allow":["GET"]}}],"collection":[{"href":"https:\/\/allotrope.eu\/de\/wp-json\/wp\/v2\/pages"}],"about":[{"href":"https:\/\/allotrope.eu\/de\/wp-json\/wp\/v2\/types\/page"}],"author":[{"embeddable":true,"href":"https:\/\/allotrope.eu\/de\/wp-json\/wp\/v2\/users\/1"}],"replies":[{"embeddable":true,"href":"https:\/\/allotrope.eu\/de\/wp-json\/wp\/v2\/comments?post=3682"}],"version-history":[{"count":3,"href":"https:\/\/allotrope.eu\/de\/wp-json\/wp\/v2\/pages\/3682\/revisions"}],"predecessor-version":[{"id":3685,"href":"https:\/\/allotrope.eu\/de\/wp-json\/wp\/v2\/pages\/3682\/revisions\/3685"}],"wp:attachment":[{"href":"https:\/\/allotrope.eu\/de\/wp-json\/wp\/v2\/media?parent=3682"}],"curies":[{"name":"wp","href":"https:\/\/api.w.org\/{rel}","templated":true}]}}