{"id":3677,"date":"2024-04-07T14:35:37","date_gmt":"2024-04-07T14:35:37","guid":{"rendered":"https:\/\/allotrope.eu\/nutzungsbedingungen\/"},"modified":"2024-09-24T19:02:43","modified_gmt":"2024-09-24T19:02:43","slug":"nutzungsbedingungen","status":"publish","type":"page","link":"https:\/\/allotrope.eu\/de\/nutzungsbedingungen\/","title":{"rendered":"Nutzungsbedingungen"},"content":{"rendered":"\t\t<div data-elementor-type=\"wp-page\" data-elementor-id=\"3677\" class=\"elementor elementor-3677 elementor-1665\" data-elementor-post-type=\"page\">\n\t\t\t\t<div class=\"elementor-element elementor-element-76e8ed3 e-flex e-con-boxed e-con e-parent\" data-id=\"76e8ed3\" data-element_type=\"container\" data-settings=\"{&quot;background_background&quot;:&quot;classic&quot;,&quot;ekit_has_onepagescroll_dot&quot;:&quot;yes&quot;}\">\n\t\t\t\t\t<div class=\"e-con-inner\">\n\t\t\t\t<div class=\"elementor-element elementor-element-5b0b6fb elementor-widget elementor-widget-heading\" data-id=\"5b0b6fb\" data-element_type=\"widget\" data-settings=\"{&quot;ekit_we_effect_on&quot;:&quot;none&quot;}\" data-widget_type=\"heading.default\">\n\t\t\t\t<div class=\"elementor-widget-container\">\n\t\t\t<h1 class=\"elementor-heading-title elementor-size-default\">Nutzungsbedingungen<\/h1>\t\t<\/div>\n\t\t\t\t<\/div>\n\t\t\t\t<div class=\"elementor-element elementor-element-ed4bed8 elementor-widget elementor-widget-text-editor\" data-id=\"ed4bed8\" data-element_type=\"widget\" data-settings=\"{&quot;ekit_we_effect_on&quot;:&quot;none&quot;}\" data-widget_type=\"text-editor.default\">\n\t\t\t\t<div class=\"elementor-widget-container\">\n\t\t\t\t\t\t\t<p>Schutz Ihrer Privatsph\u00e4re: Das Engagement der Allotrope GmbH zum Schutz Ihrer pers\u00f6nlichen Daten<\/p>\n\t\t\t\t\t\t<\/div>\n\t\t\t\t<\/div>\n\t\t\t\t\t<\/div>\n\t\t\t\t<\/div>\n\t\t<div class=\"elementor-element elementor-element-b418ce7 e-flex e-con-boxed e-con e-parent\" data-id=\"b418ce7\" data-element_type=\"container\" data-settings=\"{&quot;ekit_has_onepagescroll_dot&quot;:&quot;yes&quot;}\">\n\t\t\t\t\t<div class=\"e-con-inner\">\n\t\t\t\t<div class=\"elementor-element elementor-element-f51da04 elementor-widget elementor-widget-text-editor\" data-id=\"f51da04\" data-element_type=\"widget\" data-settings=\"{&quot;ekit_we_effect_on&quot;:&quot;none&quot;}\" data-widget_type=\"text-editor.default\">\n\t\t\t\t<div class=\"elementor-widget-container\">\n\t\t\t\t\t\t\t<h2><strong>Nutzungsbedingungen<\/strong><\/h2>\n<p>Willkommen bei Allotrope. Durch den Zugriff auf unsere Website oder deren Nutzung erkl\u00e4ren Sie sich damit einverstanden, die folgenden Nutzungsbedingungen einzuhalten und an diese gebunden zu sein. Bitte lesen Sie diese Bedingungen sorgf\u00e4ltig durch, bevor Sie unsere Website nutzen.  <\/p>\n<ol>\n<li>\n<p><strong>Nutzung der Website: <\/strong>Der Inhalt der Seiten dieser Website dient ausschlie\u00dflich Ihrer allgemeinen Information und Nutzung. \u00c4nderungen k\u00f6nnen ohne vorherige Ank\u00fcndigung vorgenommen werden. <\/p>\n<\/li>\n<li>\n<p><strong>Geistiges Eigentum:<\/strong> Diese Website enth\u00e4lt Material, das uns geh\u00f6rt oder an uns lizenziert ist. Dieses Material umfasst, aber ist nicht beschr\u00e4nkt auf das Design, Layout, Aussehen und Grafiken. Die Vervielf\u00e4ltigung ist nur im Einklang mit dem Urheberrechtshinweis, der Teil dieser Nutzungsbedingungen ist, gestattet.  <\/p>\n<\/li>\n<li>\n<p><strong>Unbefugte Nutzung:<\/strong> Die unbefugte Nutzung dieser Website kann zu Schadensersatzanspr\u00fcchen f\u00fchren und\/oder eine Straftat darstellen.<\/p>\n<\/li>\n<li>\n<p><strong>Links zu anderen Websites:<\/strong> Unsere Website kann Links zu anderen Websites enthalten. Diese Links dienen Ihrer Bequemlichkeit und zur Bereitstellung zus\u00e4tzlicher Informationen. Sie bedeuten nicht, dass wir die Website(s) bef\u00fcrworten. Wir \u00fcbernehmen keine Verantwortung f\u00fcr den Inhalt der verlinkten Website(s).   <\/p>\n<\/li>\n<li>\n<p><strong>Datenschutzrichtlinie:<\/strong> Die Nutzung dieser Website unterliegt unserer Datenschutzrichtlinie. Durch die Nutzung unserer Website erkl\u00e4ren Sie sich mit der Erhebung, Nutzung und Offenlegung Ihrer pers\u00f6nlichen Informationen gem\u00e4\u00df unserer Datenschutzrichtlinie einverstanden. <\/p>\n<\/li>\n<li>\n<p><strong>Haftungsausschluss:<\/strong> Die Informationen auf dieser Website dienen allgemeinen Informationszwecken. Die Informationen werden von Allotrope bereitgestellt und wir bem\u00fchen uns, sie aktuell und korrekt zu halten. Dennoch \u00fcbernehmen wir keinerlei Zusicherungen oder Gew\u00e4hrleistungen, weder ausdr\u00fccklich noch stillschweigend, hinsichtlich der Vollst\u00e4ndigkeit, Genauigkeit, Zuverl\u00e4ssigkeit, Eignung oder Verf\u00fcgbarkeit der Informationen, Produkte, Dienstleistungen oder zugeh\u00f6rigen Grafiken auf der Website f\u00fcr jegliche Zwecke. Jede Nutzung der Informationen erfolgt auf Ihr eigenes Risiko.  <\/p>\n<\/li>\n<li>\n<p><strong>Haftungsbeschr\u00e4nkung:<\/strong> Wir haften in keinem Fall f\u00fcr Verluste oder Sch\u00e4den jeglicher Art, einschlie\u00dflich indirekter oder Folgesch\u00e4den, oder f\u00fcr jegliche Verluste oder Sch\u00e4den, die sich aus dem Verlust von Daten oder Gewinnen im Zusammenhang mit der Nutzung dieser Website ergeben.<\/p>\n<\/li>\n<li>\n<p><strong>Entsch\u00e4digung:<\/strong> Sie erkl\u00e4ren sich damit einverstanden, Allotrope GmbH, ihre verbundenen Unternehmen sowie deren jeweilige F\u00fchrungskr\u00e4fte, Direktoren, Mitarbeiter und Vertreter von allen Anspr\u00fcchen, Verbindlichkeiten, Sch\u00e4den, Verlusten oder Ausgaben, einschlie\u00dflich angemessener Anwaltskosten und -kosten, freizustellen und schadlos zu halten, die in irgendeiner Weise mit Ihrem Versto\u00df gegen diese Nutzungsbedingungen oder Ihrer Nutzung der Website zusammenh\u00e4ngen.<\/p>\n<\/li>\n<li>\n<p><strong>Anwendbares Recht:<\/strong> These terms and conditions are governed by and construed in accordance with the laws of [Your Country], and you irrevocably submit to the exclusive jurisdiction of the courts in that location.<\/p>\n<\/li>\n<li>\n<p><strong>\u00c4nderungen der Bedingungen:<\/strong> Allotrope beh\u00e4lt sich das Recht vor, diese Nutzungsbedingungen jederzeit zu \u00e4ndern. Ihre fortgesetzte Nutzung der Website nach \u00c4nderungen stellt die Annahme der ge\u00e4nderten Bedingungen dar. <\/p>\n<\/li>\n<\/ol>\n<p>Wenn Sie Fragen oder Bedenken zu unseren Nutzungsbedingungen haben, kontaktieren Sie uns bitte unter[email address].<\/p>\n<p>Vielen Dank f\u00fcr Ihren Besuch bei Allotrope. Wir hoffen, dass Sie Ihre Erfahrung auf unserer Website genie\u00dfen. <\/p>\n\t\t\t\t\t\t<\/div>\n\t\t\t\t<\/div>\n\t\t\t\t\t<\/div>\n\t\t\t\t<\/div>\n\t\t\t\t<\/div>\n\t\t","protected":false},"excerpt":{"rendered":"<p>Nutzungsbedingungen Schutz Ihrer Privatsph\u00e4re: Das Engagement der Allotrope GmbH zum Schutz Ihrer pers\u00f6nlichen Daten Nutzungsbedingungen Willkommen bei Allotrope. Durch den Zugriff auf unsere Website oder deren Nutzung erkl\u00e4ren Sie sich damit einverstanden, die folgenden Nutzungsbedingungen einzuhalten und an diese gebunden zu sein. Bitte lesen Sie diese Bedingungen sorgf\u00e4ltig durch, bevor Sie unsere Website nutzen. Nutzung [&hellip;]<\/p>\n","protected":false},"author":1,"featured_media":0,"parent":0,"menu_order":0,"comment_status":"closed","ping_status":"closed","template":"","meta":{"footnotes":""},"class_list":["post-3677","page","type-page","status-publish","hentry"],"yoast_head":"<!-- This site is optimized with the Yoast SEO Premium plugin v23.1 (Yoast SEO v23.1) - https:\/\/yoast.com\/wordpress\/plugins\/seo\/ -->\n<title>Nutzungsbedingungen - Allotrope GmbH: Expert Solutions in Procurement, Supply Chain, HR Staffing, and Project Management<\/title>\n<meta name=\"robots\" content=\"index, follow, max-snippet:-1, max-image-preview:large, max-video-preview:-1\" \/>\n<link rel=\"canonical\" href=\"https:\/\/allotrope.eu\/de\/nutzungsbedingungen\/\" \/>\n<meta property=\"og:locale\" content=\"de_DE\" \/>\n<meta property=\"og:type\" content=\"article\" \/>\n<meta property=\"og:title\" content=\"Nutzungsbedingungen\" \/>\n<meta property=\"og:description\" content=\"Nutzungsbedingungen Schutz Ihrer Privatsph\u00e4re: Das Engagement der Allotrope GmbH zum Schutz Ihrer pers\u00f6nlichen Daten Nutzungsbedingungen Willkommen bei Allotrope. Durch den Zugriff auf unsere Website oder deren Nutzung erkl\u00e4ren Sie sich damit einverstanden, die folgenden Nutzungsbedingungen einzuhalten und an diese gebunden zu sein. Bitte lesen Sie diese Bedingungen sorgf\u00e4ltig durch, bevor Sie unsere Website nutzen. Nutzung [&hellip;]\" \/>\n<meta property=\"og:url\" content=\"https:\/\/allotrope.eu\/de\/nutzungsbedingungen\/\" \/>\n<meta property=\"og:site_name\" content=\"Allotrope GmbH: Expert Solutions in Procurement, Supply Chain, HR Staffing, and Project Management\" \/>\n<meta property=\"article:modified_time\" content=\"2024-09-24T19:02:43+00:00\" \/>\n<meta name=\"twitter:card\" content=\"summary_large_image\" \/>\n<meta name=\"twitter:label1\" content=\"Gesch\u00e4tzte Lesezeit\" \/>\n\t<meta name=\"twitter:data1\" content=\"3\u00a0Minuten\" \/>\n<script type=\"application\/ld+json\" class=\"yoast-schema-graph\">{\"@context\":\"https:\/\/schema.org\",\"@graph\":[{\"@type\":\"WebPage\",\"@id\":\"https:\/\/allotrope.eu\/de\/nutzungsbedingungen\/\",\"url\":\"https:\/\/allotrope.eu\/de\/nutzungsbedingungen\/\",\"name\":\"Nutzungsbedingungen - Allotrope GmbH: Expert Solutions in Procurement, Supply Chain, HR Staffing, and Project Management\",\"isPartOf\":{\"@id\":\"https:\/\/allotrope.eu\/de\/#website\"},\"datePublished\":\"2024-04-07T14:35:37+00:00\",\"dateModified\":\"2024-09-24T19:02:43+00:00\",\"breadcrumb\":{\"@id\":\"https:\/\/allotrope.eu\/de\/nutzungsbedingungen\/#breadcrumb\"},\"inLanguage\":\"de\",\"potentialAction\":[{\"@type\":\"ReadAction\",\"target\":[\"https:\/\/allotrope.eu\/de\/nutzungsbedingungen\/\"]}]},{\"@type\":\"BreadcrumbList\",\"@id\":\"https:\/\/allotrope.eu\/de\/nutzungsbedingungen\/#breadcrumb\",\"itemListElement\":[{\"@type\":\"ListItem\",\"position\":1,\"name\":\"Home\",\"item\":\"https:\/\/allotrope.eu\/de\/\"},{\"@type\":\"ListItem\",\"position\":2,\"name\":\"Nutzungsbedingungen\"}]},{\"@type\":\"WebSite\",\"@id\":\"https:\/\/allotrope.eu\/de\/#website\",\"url\":\"https:\/\/allotrope.eu\/de\/\",\"name\":\"Allotrope GmbH: Leading Procurement, Supply Chain, HR, and Project Management Services\",\"description\":\"Empowering Business Transformation through Expert Procurement, Supply Chain, HR Staffing, and Project Management Solutions.&quot;\",\"publisher\":{\"@id\":\"https:\/\/allotrope.eu\/de\/#organization\"},\"alternateName\":\"Allotrope GmbH\",\"potentialAction\":[{\"@type\":\"SearchAction\",\"target\":{\"@type\":\"EntryPoint\",\"urlTemplate\":\"https:\/\/allotrope.eu\/de\/?s={search_term_string}\"},\"query-input\":\"required name=search_term_string\"}],\"inLanguage\":\"de\"},{\"@type\":\"Organization\",\"@id\":\"https:\/\/allotrope.eu\/de\/#organization\",\"name\":\"Allotrope GmbH: Leading Procurement, Supply Chain, HR, and Project Management Services\",\"url\":\"https:\/\/allotrope.eu\/de\/\",\"logo\":{\"@type\":\"ImageObject\",\"inLanguage\":\"de\",\"@id\":\"https:\/\/allotrope.eu\/de\/#\/schema\/logo\/image\/\",\"url\":\"https:\/\/allotrope.eu\/wp-content\/uploads\/2024\/02\/Logo-Allotrope-Nieuw.png\",\"contentUrl\":\"https:\/\/allotrope.eu\/wp-content\/uploads\/2024\/02\/Logo-Allotrope-Nieuw.png\",\"width\":500,\"height\":500,\"caption\":\"Allotrope GmbH: Leading Procurement, Supply Chain, HR, and Project Management Services\"},\"image\":{\"@id\":\"https:\/\/allotrope.eu\/de\/#\/schema\/logo\/image\/\"},\"sameAs\":[\"https:\/\/www.youtube.com\/@Allotrope_GmbH\",\"https:\/\/www.linkedin.com\/company\/allotrope-nd\"]}]}<\/script>\n<!-- \/ Yoast SEO Premium plugin. -->","yoast_head_json":{"title":"Nutzungsbedingungen - Allotrope GmbH: Expert Solutions in Procurement, Supply Chain, HR Staffing, and Project Management","robots":{"index":"index","follow":"follow","max-snippet":"max-snippet:-1","max-image-preview":"max-image-preview:large","max-video-preview":"max-video-preview:-1"},"canonical":"https:\/\/allotrope.eu\/de\/nutzungsbedingungen\/","og_locale":"de_DE","og_type":"article","og_title":"Nutzungsbedingungen","og_description":"Nutzungsbedingungen Schutz Ihrer Privatsph\u00e4re: Das Engagement der Allotrope GmbH zum Schutz Ihrer pers\u00f6nlichen Daten Nutzungsbedingungen Willkommen bei Allotrope. Durch den Zugriff auf unsere Website oder deren Nutzung erkl\u00e4ren Sie sich damit einverstanden, die folgenden Nutzungsbedingungen einzuhalten und an diese gebunden zu sein. Bitte lesen Sie diese Bedingungen sorgf\u00e4ltig durch, bevor Sie unsere Website nutzen. Nutzung [&hellip;]","og_url":"https:\/\/allotrope.eu\/de\/nutzungsbedingungen\/","og_site_name":"Allotrope GmbH: Expert Solutions in Procurement, Supply Chain, HR Staffing, and Project Management","article_modified_time":"2024-09-24T19:02:43+00:00","twitter_card":"summary_large_image","twitter_misc":{"Gesch\u00e4tzte Lesezeit":"3\u00a0Minuten"},"schema":{"@context":"https:\/\/schema.org","@graph":[{"@type":"WebPage","@id":"https:\/\/allotrope.eu\/de\/nutzungsbedingungen\/","url":"https:\/\/allotrope.eu\/de\/nutzungsbedingungen\/","name":"Nutzungsbedingungen - Allotrope GmbH: Expert Solutions in Procurement, Supply Chain, HR Staffing, and Project Management","isPartOf":{"@id":"https:\/\/allotrope.eu\/de\/#website"},"datePublished":"2024-04-07T14:35:37+00:00","dateModified":"2024-09-24T19:02:43+00:00","breadcrumb":{"@id":"https:\/\/allotrope.eu\/de\/nutzungsbedingungen\/#breadcrumb"},"inLanguage":"de","potentialAction":[{"@type":"ReadAction","target":["https:\/\/allotrope.eu\/de\/nutzungsbedingungen\/"]}]},{"@type":"BreadcrumbList","@id":"https:\/\/allotrope.eu\/de\/nutzungsbedingungen\/#breadcrumb","itemListElement":[{"@type":"ListItem","position":1,"name":"Home","item":"https:\/\/allotrope.eu\/de\/"},{"@type":"ListItem","position":2,"name":"Nutzungsbedingungen"}]},{"@type":"WebSite","@id":"https:\/\/allotrope.eu\/de\/#website","url":"https:\/\/allotrope.eu\/de\/","name":"Allotrope GmbH: Leading Procurement, Supply Chain, HR, and Project Management Services","description":"Empowering Business Transformation through Expert Procurement, Supply Chain, HR Staffing, and Project Management Solutions.&quot;","publisher":{"@id":"https:\/\/allotrope.eu\/de\/#organization"},"alternateName":"Allotrope GmbH","potentialAction":[{"@type":"SearchAction","target":{"@type":"EntryPoint","urlTemplate":"https:\/\/allotrope.eu\/de\/?s={search_term_string}"},"query-input":"required name=search_term_string"}],"inLanguage":"de"},{"@type":"Organization","@id":"https:\/\/allotrope.eu\/de\/#organization","name":"Allotrope GmbH: Leading Procurement, Supply Chain, HR, and Project Management Services","url":"https:\/\/allotrope.eu\/de\/","logo":{"@type":"ImageObject","inLanguage":"de","@id":"https:\/\/allotrope.eu\/de\/#\/schema\/logo\/image\/","url":"https:\/\/allotrope.eu\/wp-content\/uploads\/2024\/02\/Logo-Allotrope-Nieuw.png","contentUrl":"https:\/\/allotrope.eu\/wp-content\/uploads\/2024\/02\/Logo-Allotrope-Nieuw.png","width":500,"height":500,"caption":"Allotrope GmbH: Leading Procurement, Supply Chain, HR, and Project Management Services"},"image":{"@id":"https:\/\/allotrope.eu\/de\/#\/schema\/logo\/image\/"},"sameAs":["https:\/\/www.youtube.com\/@Allotrope_GmbH","https:\/\/www.linkedin.com\/company\/allotrope-nd"]}]}},"_links":{"self":[{"href":"https:\/\/allotrope.eu\/de\/wp-json\/wp\/v2\/pages\/3677","targetHints":{"allow":["GET"]}}],"collection":[{"href":"https:\/\/allotrope.eu\/de\/wp-json\/wp\/v2\/pages"}],"about":[{"href":"https:\/\/allotrope.eu\/de\/wp-json\/wp\/v2\/types\/page"}],"author":[{"embeddable":true,"href":"https:\/\/allotrope.eu\/de\/wp-json\/wp\/v2\/users\/1"}],"replies":[{"embeddable":true,"href":"https:\/\/allotrope.eu\/de\/wp-json\/wp\/v2\/comments?post=3677"}],"version-history":[{"count":1,"href":"https:\/\/allotrope.eu\/de\/wp-json\/wp\/v2\/pages\/3677\/revisions"}],"predecessor-version":[{"id":3678,"href":"https:\/\/allotrope.eu\/de\/wp-json\/wp\/v2\/pages\/3677\/revisions\/3678"}],"wp:attachment":[{"href":"https:\/\/allotrope.eu\/de\/wp-json\/wp\/v2\/media?parent=3677"}],"curies":[{"name":"wp","href":"https:\/\/api.w.org\/{rel}","templated":true}]}}