{"id":3664,"date":"2024-04-07T14:30:52","date_gmt":"2024-04-07T14:30:52","guid":{"rendered":"https:\/\/allotrope.eu\/rechtliche-informationen\/"},"modified":"2024-09-28T18:26:28","modified_gmt":"2024-09-28T18:26:28","slug":"rechtliche-informationen","status":"publish","type":"page","link":"https:\/\/allotrope.eu\/de\/rechtliche-informationen\/","title":{"rendered":"Rechtliche Informationen"},"content":{"rendered":"\t\t<div data-elementor-type=\"wp-page\" data-elementor-id=\"3664\" class=\"elementor elementor-3664 elementor-1656\" data-elementor-post-type=\"page\">\n\t\t\t\t<div class=\"elementor-element elementor-element-71ca2eca e-flex e-con-boxed e-con e-parent\" data-id=\"71ca2eca\" data-element_type=\"container\" data-settings=\"{&quot;background_background&quot;:&quot;classic&quot;,&quot;ekit_has_onepagescroll_dot&quot;:&quot;yes&quot;}\">\n\t\t\t\t\t<div class=\"e-con-inner\">\n\t\t\t\t<div class=\"elementor-element elementor-element-271d3b98 elementor-widget elementor-widget-heading\" data-id=\"271d3b98\" data-element_type=\"widget\" data-settings=\"{&quot;ekit_we_effect_on&quot;:&quot;none&quot;}\" data-widget_type=\"heading.default\">\n\t\t\t\t<div class=\"elementor-widget-container\">\n\t\t\t<h1 class=\"elementor-heading-title elementor-size-default\">Allotrope GmbH \u2013 Rechtliche Seite<\/h1>\t\t<\/div>\n\t\t\t\t<\/div>\n\t\t\t\t<div class=\"elementor-element elementor-element-585154f0 elementor-widget elementor-widget-text-editor\" data-id=\"585154f0\" data-element_type=\"widget\" data-settings=\"{&quot;ekit_we_effect_on&quot;:&quot;none&quot;}\" data-widget_type=\"text-editor.default\">\n\t\t\t\t<div class=\"elementor-widget-container\">\n\t\t\t\t\t\t\t<p>Schutz Ihrer Privatsph\u00e4re: Allotrope GmbH\u2019s Engagement zum Schutz Ihrer pers\u00f6nlichen Daten<\/p>\n\t\t\t\t\t\t<\/div>\n\t\t\t\t<\/div>\n\t\t\t\t\t<\/div>\n\t\t\t\t<\/div>\n\t\t<div class=\"elementor-element elementor-element-5096ffd8 e-flex e-con-boxed e-con e-parent\" data-id=\"5096ffd8\" data-element_type=\"container\" data-settings=\"{&quot;ekit_has_onepagescroll_dot&quot;:&quot;yes&quot;}\">\n\t\t\t\t\t<div class=\"e-con-inner\">\n\t\t\t\t<div class=\"elementor-element elementor-element-2aad52bd elementor-widget elementor-widget-text-editor\" data-id=\"2aad52bd\" data-element_type=\"widget\" data-settings=\"{&quot;ekit_we_effect_on&quot;:&quot;none&quot;}\" data-widget_type=\"text-editor.default\">\n\t\t\t\t<div class=\"elementor-widget-container\">\n\t\t\t\t\t\t\t<h2><strong>Rechtliche Informationen<\/strong><\/h2><p>Willkommen auf der rechtlichen Seite von Allotrope. Hier finden Sie wichtige Informationen zu unseren Nutzungsbedingungen, Datenschutzrichtlinien und weiteren rechtlichen Aspekten in Bezug auf die Nutzung unserer Website und Dienstleistungen.<\/p><p><span style=\"color: #228baf;\"><a style=\"color: #228baf;\" href=\"https:\/\/allotrope.eu\/terms-of-use\/\"><strong>Nutzungsbedingungen:<\/strong> <\/a><\/span>Unsere Nutzungsbedingungen beschreiben die Regeln und Richtlinien f\u00fcr die Nutzung unserer Website. Durch den Zugriff auf unsere Website oder deren Nutzung erkl\u00e4ren Sie sich mit diesen Bedingungen, einschlie\u00dflich aller Aktualisierungen oder \u00c4nderungen, einverstanden.<\/p><p><span style=\"color: #228baf;\"><a style=\"color: #228baf;\" href=\"https:\/\/allotrope.eu\/privacy-policy-2\/\"><strong>Datenschutzrichtlinie:<\/strong><\/a><\/span> Unsere Datenschutzrichtlinie erl\u00e4utert, wie wir Ihre pers\u00f6nlichen Daten sammeln, nutzen und sch\u00fctzen, wenn Sie mit unserer Website interagieren oder unsere Dienstleistungen nutzen. Wir setzen uns daf\u00fcr ein, Ihre Privatsph\u00e4re zu sch\u00fctzen und die Sicherheit Ihrer Daten zu gew\u00e4hrleisten.<\/p><p><strong>Cookie-Richtlinie: <\/strong> Unsere Cookie-Richtlinie beschreibt, wie wir Cookies und \u00e4hnliche Technologien verwenden, um Ihre Nutzererfahrung zu verbessern und den Website-Traffic zu analysieren. Durch die Nutzung unserer Website stimmen Sie der Verwendung von Cookies gem\u00e4\u00df dieser Richtlinie zu.<\/p><p><strong>Urheberrechtshinweis: <\/strong> Alle Inhalte auf dieser Website, einschlie\u00dflich Texten, Bildern, Logos und Grafiken, sind urheberrechtlich gesch\u00fctzt und Eigentum von Allotrope oder deren Lizenzgebern. Eine unbefugte Nutzung oder Vervielf\u00e4ltigung jeglicher Inhalte ist strengstens untersagt.<\/p><p><strong>Haftungsausschluss:<\/strong> Obwohl wir uns bem\u00fchen, auf unserer Website genaue und aktuelle Informationen bereitzustellen, geben wir keine ausdr\u00fccklichen oder stillschweigenden Zusicherungen oder Gew\u00e4hrleistungen in Bezug auf die Vollst\u00e4ndigkeit, Genauigkeit, Verl\u00e4sslichkeit, Eignung oder Verf\u00fcgbarkeit der Informationen, Produkte, Dienstleistungen oder zugeh\u00f6rigen Grafiken auf der Website f\u00fcr bestimmte Zwecke.<\/p><p><strong>Kontakt:<\/strong> Wenn Sie Fragen oder Bedenken bez\u00fcglich unserer rechtlichen Informationen oder Praktiken haben, kontaktieren Sie uns bitte unter <strong>contact[@]allotrope.de.<\/strong><\/p><p>Vielen Dank f\u00fcr Ihren Besuch bei Allotrope. Wir sch\u00e4tzen Ihr Vertrauen und Ihre Zuversicht in uns.<\/p>\t\t\t\t\t\t<\/div>\n\t\t\t\t<\/div>\n\t\t\t\t<div class=\"elementor-element elementor-element-1584ca1 elementor-widget elementor-widget-text-editor\" data-id=\"1584ca1\" data-element_type=\"widget\" data-settings=\"{&quot;ekit_we_effect_on&quot;:&quot;none&quot;}\" data-widget_type=\"text-editor.default\">\n\t\t\t\t<div class=\"elementor-widget-container\">\n\t\t\t\t\t\t\t<h2><strong>Spezifische Informationen f\u00fcr Deutschland<\/strong><\/h2>\n\t\t\t\t\t\t<\/div>\n\t\t\t\t<\/div>\n\t\t\t\t<div class=\"elementor-element elementor-element-9e7d462 elementor-widget elementor-widget-text-editor\" data-id=\"9e7d462\" data-element_type=\"widget\" data-settings=\"{&quot;ekit_we_effect_on&quot;:&quot;none&quot;}\" data-widget_type=\"text-editor.default\">\n\t\t\t\t<div class=\"elementor-widget-container\">\n\t\t\t\t\t\t\t<p>In \u00dcbereinstimmung mit deutschem Recht sind wir verpflichtet, ein &#8218;Impressum&#8216; und &#8218;AGB&#8216; (Allgemeine Gesch\u00e4ftsbedingungen) bereitzustellen, um Transparenz und rechtliche Klarheit f\u00fcr unsere Nutzer zu gew\u00e4hrleisten. Unser Impressum enth\u00e4lt Informationen \u00fcber den Betreiber der Website, w\u00e4hrend unsere AGB die Bedingungen f\u00fcr die Nutzung unserer Dienstleistungen festlegen. Seien Sie versichert, dass wir die gesetzlichen Anforderungen einhalten, um Ihnen Sicherheit bei der Interaktion mit unserer Plattform zu bieten.&#8220; Bitte beachten Sie, dass die bereitgestellten Dokumente in deutscher Sprache verfasst sind. <\/p>\n\t\t\t\t\t\t<\/div>\n\t\t\t\t<\/div>\n\t\t\t\t\t<\/div>\n\t\t\t\t<\/div>\n\t\t<div class=\"elementor-element elementor-element-2c80c78 e-flex e-con-boxed e-con e-parent\" data-id=\"2c80c78\" data-element_type=\"container\" data-settings=\"{&quot;ekit_has_onepagescroll_dot&quot;:&quot;yes&quot;}\">\n\t\t\t\t\t<div class=\"e-con-inner\">\n\t\t<div class=\"elementor-element elementor-element-7bcc75f e-con-full e-flex e-con e-child\" data-id=\"7bcc75f\" data-element_type=\"container\" data-settings=\"{&quot;ekit_has_onepagescroll_dot&quot;:&quot;yes&quot;}\">\n\t\t\t\t<div class=\"elementor-element elementor-element-413ff10 elementor-widget elementor-widget-elementskit-button\" data-id=\"413ff10\" data-element_type=\"widget\" data-settings=\"{&quot;ekit_we_effect_on&quot;:&quot;none&quot;}\" data-widget_type=\"elementskit-button.default\">\n\t\t\t\t<div class=\"elementor-widget-container\">\n\t\t\t<div class=\"ekit-wid-con\" >\t\t<div class=\"ekit-btn-wraper\">\n\t\t\t\t\t\t\t<a href=\"https:\/\/allotrope.eu\/AGBs-Allotrope-2021-2022-1.pdf\" class=\"elementskit-btn  whitespace--normal\" id=\"\">\n\t\t\t\t\tAGB\t\t\t\t<\/a>\n\t\t\t\t\t<\/div>\n        <\/div>\t\t<\/div>\n\t\t\t\t<\/div>\n\t\t\t\t<\/div>\n\t\t<div class=\"elementor-element elementor-element-7ab1065 e-con-full e-flex e-con e-child\" data-id=\"7ab1065\" data-element_type=\"container\" data-settings=\"{&quot;ekit_has_onepagescroll_dot&quot;:&quot;yes&quot;}\">\n\t\t\t\t<div class=\"elementor-element elementor-element-cc30666 elementor-widget elementor-widget-elementskit-button\" data-id=\"cc30666\" data-element_type=\"widget\" data-settings=\"{&quot;ekit_we_effect_on&quot;:&quot;none&quot;}\" data-widget_type=\"elementskit-button.default\">\n\t\t\t\t<div class=\"elementor-widget-container\">\n\t\t\t<div class=\"ekit-wid-con\" >\t\t<div class=\"ekit-btn-wraper\">\n\t\t\t\t\t\t\t<a href=\"https:\/\/allotrope.eu\/de\/impressum\/\" class=\"elementskit-btn  whitespace--normal\" id=\"\">\n\t\t\t\t\tImpressum\t\t\t\t<\/a>\n\t\t\t\t\t<\/div>\n        <\/div>\t\t<\/div>\n\t\t\t\t<\/div>\n\t\t\t\t<\/div>\n\t\t\t\t\t<\/div>\n\t\t\t\t<\/div>\n\t\t<div class=\"elementor-element elementor-element-227b7125 e-flex e-con-boxed e-con e-parent\" data-id=\"227b7125\" data-element_type=\"container\" data-settings=\"{&quot;background_background&quot;:&quot;classic&quot;,&quot;ekit_has_onepagescroll_dot&quot;:&quot;yes&quot;}\">\n\t\t\t\t\t<div class=\"e-con-inner\">\n\t\t<div class=\"elementor-element elementor-element-6f9cf98 e-con-full e-flex e-con e-child\" data-id=\"6f9cf98\" data-element_type=\"container\" data-settings=\"{&quot;ekit_has_onepagescroll_dot&quot;:&quot;yes&quot;}\">\n\t\t\t\t<div class=\"elementor-element elementor-element-c84561b elementor-widget elementor-widget-text-editor\" data-id=\"c84561b\" data-element_type=\"widget\" data-settings=\"{&quot;ekit_we_effect_on&quot;:&quot;none&quot;}\" data-widget_type=\"text-editor.default\">\n\t\t\t\t<div class=\"elementor-widget-container\">\n\t\t\t\t\t\t\t<h3><strong>Allotrope GmbH <\/strong><\/h3>\n<p>Handwerkerstrasse 1a<\/p>\n<p>46499 Hamminkeln <\/p>\n<p>Deutschland <\/p>\n<p><strong>+49 15206102594<\/strong><\/p>\n<p>Handelskammer Duisburg HRB 34595 | Umsatzsteuer-Identifikationsnummer: DE316018195<\/p>\n\t\t\t\t\t\t<\/div>\n\t\t\t\t<\/div>\n\t\t\t\t<\/div>\n\t\t<div class=\"elementor-element elementor-element-31d5151b e-con-full e-flex e-con e-child\" data-id=\"31d5151b\" data-element_type=\"container\" data-settings=\"{&quot;ekit_has_onepagescroll_dot&quot;:&quot;yes&quot;}\">\n\t\t\t\t<\/div>\n\t\t\t\t\t<\/div>\n\t\t\t\t<\/div>\n\t\t\t\t<\/div>\n\t\t","protected":false},"excerpt":{"rendered":"<p>Allotrope GmbH \u2013 Rechtliche Seite Schutz Ihrer Privatsph\u00e4re: Allotrope GmbH\u2019s Engagement zum Schutz Ihrer pers\u00f6nlichen Daten Rechtliche Informationen Willkommen auf der rechtlichen Seite von Allotrope. Hier finden Sie wichtige Informationen zu unseren Nutzungsbedingungen, Datenschutzrichtlinien und weiteren rechtlichen Aspekten in Bezug auf die Nutzung unserer Website und Dienstleistungen. Nutzungsbedingungen: Unsere Nutzungsbedingungen beschreiben die Regeln und Richtlinien [&hellip;]<\/p>\n","protected":false},"author":1,"featured_media":3466,"parent":0,"menu_order":0,"comment_status":"closed","ping_status":"closed","template":"","meta":{"footnotes":""},"class_list":["post-3664","page","type-page","status-publish","has-post-thumbnail","hentry"],"yoast_head":"<!-- This site is optimized with the Yoast SEO Premium plugin v23.1 (Yoast SEO v23.1) - https:\/\/yoast.com\/wordpress\/plugins\/seo\/ -->\n<title>Rechtliche Informationen | Allotrope GmbH<\/title>\n<meta name=\"description\" content=\"Hier finden Sie wichtige rechtliche Informationen zur Allotrope GmbH, einschlie\u00dflich unserer Unternehmensdaten, Datenschutzrichtlinien und der Einhaltung von Vorschriften.\" \/>\n<meta name=\"robots\" content=\"index, follow, max-snippet:-1, max-image-preview:large, max-video-preview:-1\" \/>\n<link rel=\"canonical\" href=\"https:\/\/allotrope.eu\/de\/rechtliche-informationen\/\" \/>\n<meta property=\"og:locale\" content=\"de_DE\" \/>\n<meta property=\"og:type\" content=\"article\" \/>\n<meta property=\"og:title\" content=\"Rechtliche Informationen\" \/>\n<meta property=\"og:description\" content=\"Hier finden Sie wichtige rechtliche Informationen zur Allotrope GmbH, einschlie\u00dflich unserer Unternehmensdaten, Datenschutzrichtlinien und der Einhaltung von Vorschriften.\" \/>\n<meta property=\"og:url\" content=\"https:\/\/allotrope.eu\/de\/rechtliche-informationen\/\" \/>\n<meta property=\"og:site_name\" content=\"Allotrope GmbH: Expert Solutions in Procurement, Supply Chain, HR Staffing, and Project Management\" \/>\n<meta property=\"article:modified_time\" content=\"2024-09-28T18:26:28+00:00\" \/>\n<meta property=\"og:image\" content=\"https:\/\/allotrope.eu\/wp-content\/uploads\/2024\/02\/Interim-1.jpg\" \/>\n\t<meta property=\"og:image:width\" content=\"454\" \/>\n\t<meta property=\"og:image:height\" content=\"454\" \/>\n\t<meta property=\"og:image:type\" content=\"image\/jpeg\" \/>\n<meta name=\"twitter:card\" content=\"summary_large_image\" \/>\n<meta name=\"twitter:label1\" content=\"Gesch\u00e4tzte Lesezeit\" \/>\n\t<meta name=\"twitter:data1\" content=\"3\u00a0Minuten\" \/>\n<script type=\"application\/ld+json\" class=\"yoast-schema-graph\">{\"@context\":\"https:\/\/schema.org\",\"@graph\":[{\"@type\":\"WebPage\",\"@id\":\"https:\/\/allotrope.eu\/de\/rechtliche-informationen\/\",\"url\":\"https:\/\/allotrope.eu\/de\/rechtliche-informationen\/\",\"name\":\"Rechtliche Informationen | Allotrope GmbH\",\"isPartOf\":{\"@id\":\"https:\/\/allotrope.eu\/de\/#website\"},\"primaryImageOfPage\":{\"@id\":\"https:\/\/allotrope.eu\/de\/rechtliche-informationen\/#primaryimage\"},\"image\":{\"@id\":\"https:\/\/allotrope.eu\/de\/rechtliche-informationen\/#primaryimage\"},\"thumbnailUrl\":\"https:\/\/allotrope.eu\/wp-content\/uploads\/2024\/02\/Interim-1.jpg\",\"datePublished\":\"2024-04-07T14:30:52+00:00\",\"dateModified\":\"2024-09-28T18:26:28+00:00\",\"description\":\"Hier finden Sie wichtige rechtliche Informationen zur Allotrope GmbH, einschlie\u00dflich unserer Unternehmensdaten, Datenschutzrichtlinien und der Einhaltung von Vorschriften.\",\"breadcrumb\":{\"@id\":\"https:\/\/allotrope.eu\/de\/rechtliche-informationen\/#breadcrumb\"},\"inLanguage\":\"de\",\"potentialAction\":[{\"@type\":\"ReadAction\",\"target\":[\"https:\/\/allotrope.eu\/de\/rechtliche-informationen\/\"]}]},{\"@type\":\"ImageObject\",\"inLanguage\":\"de\",\"@id\":\"https:\/\/allotrope.eu\/de\/rechtliche-informationen\/#primaryimage\",\"url\":\"https:\/\/allotrope.eu\/wp-content\/uploads\/2024\/02\/Interim-1.jpg\",\"contentUrl\":\"https:\/\/allotrope.eu\/wp-content\/uploads\/2024\/02\/Interim-1.jpg\",\"width\":454,\"height\":454},{\"@type\":\"BreadcrumbList\",\"@id\":\"https:\/\/allotrope.eu\/de\/rechtliche-informationen\/#breadcrumb\",\"itemListElement\":[{\"@type\":\"ListItem\",\"position\":1,\"name\":\"Home\",\"item\":\"https:\/\/allotrope.eu\/de\/\"},{\"@type\":\"ListItem\",\"position\":2,\"name\":\"Rechtliche Informationen\"}]},{\"@type\":\"WebSite\",\"@id\":\"https:\/\/allotrope.eu\/de\/#website\",\"url\":\"https:\/\/allotrope.eu\/de\/\",\"name\":\"Allotrope GmbH: Leading Procurement, Supply Chain, HR, and Project Management Services\",\"description\":\"Empowering Business Transformation through Expert Procurement, Supply Chain, HR Staffing, and Project Management Solutions.&quot;\",\"publisher\":{\"@id\":\"https:\/\/allotrope.eu\/de\/#organization\"},\"alternateName\":\"Allotrope GmbH\",\"potentialAction\":[{\"@type\":\"SearchAction\",\"target\":{\"@type\":\"EntryPoint\",\"urlTemplate\":\"https:\/\/allotrope.eu\/de\/?s={search_term_string}\"},\"query-input\":\"required name=search_term_string\"}],\"inLanguage\":\"de\"},{\"@type\":\"Organization\",\"@id\":\"https:\/\/allotrope.eu\/de\/#organization\",\"name\":\"Allotrope GmbH: Leading Procurement, Supply Chain, HR, and Project Management Services\",\"url\":\"https:\/\/allotrope.eu\/de\/\",\"logo\":{\"@type\":\"ImageObject\",\"inLanguage\":\"de\",\"@id\":\"https:\/\/allotrope.eu\/de\/#\/schema\/logo\/image\/\",\"url\":\"https:\/\/allotrope.eu\/wp-content\/uploads\/2024\/02\/Logo-Allotrope-Nieuw.png\",\"contentUrl\":\"https:\/\/allotrope.eu\/wp-content\/uploads\/2024\/02\/Logo-Allotrope-Nieuw.png\",\"width\":500,\"height\":500,\"caption\":\"Allotrope GmbH: Leading Procurement, Supply Chain, HR, and Project Management Services\"},\"image\":{\"@id\":\"https:\/\/allotrope.eu\/de\/#\/schema\/logo\/image\/\"},\"sameAs\":[\"https:\/\/www.youtube.com\/@Allotrope_GmbH\",\"https:\/\/www.linkedin.com\/company\/allotrope-nd\"]}]}<\/script>\n<!-- \/ Yoast SEO Premium plugin. -->","yoast_head_json":{"title":"Rechtliche Informationen | Allotrope GmbH","description":"Hier finden Sie wichtige rechtliche Informationen zur Allotrope GmbH, einschlie\u00dflich unserer Unternehmensdaten, Datenschutzrichtlinien und der Einhaltung von Vorschriften.","robots":{"index":"index","follow":"follow","max-snippet":"max-snippet:-1","max-image-preview":"max-image-preview:large","max-video-preview":"max-video-preview:-1"},"canonical":"https:\/\/allotrope.eu\/de\/rechtliche-informationen\/","og_locale":"de_DE","og_type":"article","og_title":"Rechtliche Informationen","og_description":"Hier finden Sie wichtige rechtliche Informationen zur Allotrope GmbH, einschlie\u00dflich unserer Unternehmensdaten, Datenschutzrichtlinien und der Einhaltung von Vorschriften.","og_url":"https:\/\/allotrope.eu\/de\/rechtliche-informationen\/","og_site_name":"Allotrope GmbH: Expert Solutions in Procurement, Supply Chain, HR Staffing, and Project Management","article_modified_time":"2024-09-28T18:26:28+00:00","og_image":[{"width":454,"height":454,"url":"https:\/\/allotrope.eu\/wp-content\/uploads\/2024\/02\/Interim-1.jpg","type":"image\/jpeg"}],"twitter_card":"summary_large_image","twitter_misc":{"Gesch\u00e4tzte Lesezeit":"3\u00a0Minuten"},"schema":{"@context":"https:\/\/schema.org","@graph":[{"@type":"WebPage","@id":"https:\/\/allotrope.eu\/de\/rechtliche-informationen\/","url":"https:\/\/allotrope.eu\/de\/rechtliche-informationen\/","name":"Rechtliche Informationen | Allotrope GmbH","isPartOf":{"@id":"https:\/\/allotrope.eu\/de\/#website"},"primaryImageOfPage":{"@id":"https:\/\/allotrope.eu\/de\/rechtliche-informationen\/#primaryimage"},"image":{"@id":"https:\/\/allotrope.eu\/de\/rechtliche-informationen\/#primaryimage"},"thumbnailUrl":"https:\/\/allotrope.eu\/wp-content\/uploads\/2024\/02\/Interim-1.jpg","datePublished":"2024-04-07T14:30:52+00:00","dateModified":"2024-09-28T18:26:28+00:00","description":"Hier finden Sie wichtige rechtliche Informationen zur Allotrope GmbH, einschlie\u00dflich unserer Unternehmensdaten, Datenschutzrichtlinien und der Einhaltung von Vorschriften.","breadcrumb":{"@id":"https:\/\/allotrope.eu\/de\/rechtliche-informationen\/#breadcrumb"},"inLanguage":"de","potentialAction":[{"@type":"ReadAction","target":["https:\/\/allotrope.eu\/de\/rechtliche-informationen\/"]}]},{"@type":"ImageObject","inLanguage":"de","@id":"https:\/\/allotrope.eu\/de\/rechtliche-informationen\/#primaryimage","url":"https:\/\/allotrope.eu\/wp-content\/uploads\/2024\/02\/Interim-1.jpg","contentUrl":"https:\/\/allotrope.eu\/wp-content\/uploads\/2024\/02\/Interim-1.jpg","width":454,"height":454},{"@type":"BreadcrumbList","@id":"https:\/\/allotrope.eu\/de\/rechtliche-informationen\/#breadcrumb","itemListElement":[{"@type":"ListItem","position":1,"name":"Home","item":"https:\/\/allotrope.eu\/de\/"},{"@type":"ListItem","position":2,"name":"Rechtliche Informationen"}]},{"@type":"WebSite","@id":"https:\/\/allotrope.eu\/de\/#website","url":"https:\/\/allotrope.eu\/de\/","name":"Allotrope GmbH: Leading Procurement, Supply Chain, HR, and Project Management Services","description":"Empowering Business Transformation through Expert Procurement, Supply Chain, HR Staffing, and Project Management Solutions.&quot;","publisher":{"@id":"https:\/\/allotrope.eu\/de\/#organization"},"alternateName":"Allotrope GmbH","potentialAction":[{"@type":"SearchAction","target":{"@type":"EntryPoint","urlTemplate":"https:\/\/allotrope.eu\/de\/?s={search_term_string}"},"query-input":"required name=search_term_string"}],"inLanguage":"de"},{"@type":"Organization","@id":"https:\/\/allotrope.eu\/de\/#organization","name":"Allotrope GmbH: Leading Procurement, Supply Chain, HR, and Project Management Services","url":"https:\/\/allotrope.eu\/de\/","logo":{"@type":"ImageObject","inLanguage":"de","@id":"https:\/\/allotrope.eu\/de\/#\/schema\/logo\/image\/","url":"https:\/\/allotrope.eu\/wp-content\/uploads\/2024\/02\/Logo-Allotrope-Nieuw.png","contentUrl":"https:\/\/allotrope.eu\/wp-content\/uploads\/2024\/02\/Logo-Allotrope-Nieuw.png","width":500,"height":500,"caption":"Allotrope GmbH: Leading Procurement, Supply Chain, HR, and Project Management Services"},"image":{"@id":"https:\/\/allotrope.eu\/de\/#\/schema\/logo\/image\/"},"sameAs":["https:\/\/www.youtube.com\/@Allotrope_GmbH","https:\/\/www.linkedin.com\/company\/allotrope-nd"]}]}},"_links":{"self":[{"href":"https:\/\/allotrope.eu\/de\/wp-json\/wp\/v2\/pages\/3664","targetHints":{"allow":["GET"]}}],"collection":[{"href":"https:\/\/allotrope.eu\/de\/wp-json\/wp\/v2\/pages"}],"about":[{"href":"https:\/\/allotrope.eu\/de\/wp-json\/wp\/v2\/types\/page"}],"author":[{"embeddable":true,"href":"https:\/\/allotrope.eu\/de\/wp-json\/wp\/v2\/users\/1"}],"replies":[{"embeddable":true,"href":"https:\/\/allotrope.eu\/de\/wp-json\/wp\/v2\/comments?post=3664"}],"version-history":[{"count":18,"href":"https:\/\/allotrope.eu\/de\/wp-json\/wp\/v2\/pages\/3664\/revisions"}],"predecessor-version":[{"id":4388,"href":"https:\/\/allotrope.eu\/de\/wp-json\/wp\/v2\/pages\/3664\/revisions\/4388"}],"wp:featuredmedia":[{"embeddable":true,"href":"https:\/\/allotrope.eu\/de\/wp-json\/wp\/v2\/media\/3466"}],"wp:attachment":[{"href":"https:\/\/allotrope.eu\/de\/wp-json\/wp\/v2\/media?parent=3664"}],"curies":[{"name":"wp","href":"https:\/\/api.w.org\/{rel}","templated":true}]}}